{"id":2724,"date":"2021-07-08T09:30:40","date_gmt":"2021-07-08T09:30:40","guid":{"rendered":"https:\/\/www.ariesto.pt\/recuperation-de-passe\/"},"modified":"2024-07-04T11:30:17","modified_gmt":"2024-07-04T11:30:17","slug":"recuperation-de-passe","status":"publish","type":"page","link":"https:\/\/www.ariesto.pt\/fr\/recuperation-de-passe\/","title":{"rendered":"R\u00e9cup\u00e9ration de passe"},"content":{"rendered":"\t\t<div data-elementor-type=\"wp-page\" data-elementor-id=\"2724\" class=\"elementor elementor-2724 elementor-2312\" data-elementor-post-type=\"page\">\n\t\t\t\t\t\t<section class=\"elementor-section elementor-top-section elementor-element elementor-element-d389aa7 elementor-section-boxed elementor-section-height-default elementor-section-height-default\" data-id=\"d389aa7\" data-element_type=\"section\" data-e-type=\"section\">\n\t\t\t\t\t\t<div class=\"elementor-container elementor-column-gap-default\">\n\t\t\t\t\t<div class=\"elementor-column elementor-col-100 elementor-top-column elementor-element elementor-element-0211bcb\" data-id=\"0211bcb\" data-element_type=\"column\" data-e-type=\"column\">\n\t\t\t<div class=\"elementor-widget-wrap elementor-element-populated\">\n\t\t\t\t\t\t<div class=\"elementor-element elementor-element-80ceea6 elementor-widget elementor-widget-spacer\" data-id=\"80ceea6\" data-element_type=\"widget\" data-e-type=\"widget\" data-widget_type=\"spacer.default\">\n\t\t\t\t<div class=\"elementor-widget-container\">\n\t\t\t\t\t\t\t<div class=\"elementor-spacer\">\n\t\t\t<div class=\"elementor-spacer-inner\"><\/div>\n\t\t<\/div>\n\t\t\t\t\t\t<\/div>\n\t\t\t\t<\/div>\n\t\t\t\t\t<\/div>\n\t\t<\/div>\n\t\t\t\t\t<\/div>\n\t\t<\/section>\n\t\t\t\t<section class=\"elementor-section elementor-top-section elementor-element elementor-element-057cc8f elementor-section-boxed elementor-section-height-default elementor-section-height-default\" data-id=\"057cc8f\" data-element_type=\"section\" data-e-type=\"section\">\n\t\t\t\t\t\t<div class=\"elementor-container elementor-column-gap-default\">\n\t\t\t\t\t<div class=\"elementor-column elementor-col-100 elementor-top-column elementor-element elementor-element-11a6939\" data-id=\"11a6939\" data-element_type=\"column\" data-e-type=\"column\">\n\t\t\t<div class=\"elementor-widget-wrap elementor-element-populated\">\n\t\t\t\t\t\t<div class=\"elementor-element elementor-element-c9bb2cc elementor-widget elementor-widget-heading\" data-id=\"c9bb2cc\" data-element_type=\"widget\" data-e-type=\"widget\" data-widget_type=\"heading.default\">\n\t\t\t\t<div class=\"elementor-widget-container\">\n\t\t\t\t\t<h2 class=\"elementor-heading-title elementor-size-default\">R\u00e9cup\u00e9ration de passe<\/h2>\t\t\t\t<\/div>\n\t\t\t\t<\/div>\n\t\t\t\t\t<\/div>\n\t\t<\/div>\n\t\t\t\t\t<\/div>\n\t\t<\/section>\n\t\t\t\t<section class=\"elementor-section elementor-top-section elementor-element elementor-element-7aa56bc elementor-section-boxed elementor-section-height-default elementor-section-height-default\" data-id=\"7aa56bc\" data-element_type=\"section\" data-e-type=\"section\">\n\t\t\t\t\t\t<div class=\"elementor-container elementor-column-gap-default\">\n\t\t\t\t\t<div class=\"elementor-column elementor-col-50 elementor-top-column elementor-element elementor-element-6e791b7\" data-id=\"6e791b7\" data-element_type=\"column\" data-e-type=\"column\">\n\t\t\t<div class=\"elementor-widget-wrap elementor-element-populated\">\n\t\t\t\t\t\t<div class=\"elementor-element elementor-element-ea81758 elementor-widget elementor-widget-wppb-recover-password\" data-id=\"ea81758\" data-element_type=\"widget\" data-e-type=\"widget\" data-widget_type=\"wppb-recover-password.default\">\n\t\t\t\t<div class=\"elementor-widget-container\">\n\t\t\t\t\t<div class=\"wppb-recover-password-form-widget\"><div class=\"wppb_holder\" id=\"wppb-recover-password-container\">\t<form enctype=\"multipart\/form-data\" method=\"post\" id=\"wppb-recover-password\" class=\"wppb-user-forms\" action=\"https:\/\/www.ariesto.pt\/fr\/wp-json\/wp\/v2\/pages\/2724\">\n\t<p>Please enter your username or email address.<br \/>You will receive a link to create a new password via email.<\/p><ul>\n\t\t\t<li class=\"wppb-form-field wppb-username-email\">\n\t\t\t\t<label for=\"username_email\">Nom d&#039;utilisateur ou E-mail<\/label>\n\t\t\t\t<input class=\"text-input\" name=\"username_email\" type=\"text\" id=\"username_email\" value=\"\"  \/>\n\t\t\t<\/li><!-- .username_email --><\/ul>\t<p class=\"form-submit\">\n\t\t\t\t<input name=\"recover_password\" type=\"submit\" id=\"wppb-recover-password-button\" class=\"submit button\" value=\"Get Reset Link\" \/>\n\t\t<input name=\"action\" type=\"hidden\" id=\"action\" value=\"recover_password\" \/>\n\t<\/p>\n\t<input type=\"hidden\" id=\"password_recovery_nonce_field\" name=\"password_recovery_nonce_field\" value=\"a27ef3fb49\" \/><input type=\"hidden\" name=\"_wp_http_referer\" value=\"\/fr\/wp-json\/wp\/v2\/pages\/2724\" \/>\t<\/form>\n\t<\/div><\/div>\t\t\t\t<\/div>\n\t\t\t\t<\/div>\n\t\t\t\t\t<\/div>\n\t\t<\/div>\n\t\t\t\t<div class=\"elementor-column elementor-col-50 elementor-top-column elementor-element elementor-element-b5186c9\" data-id=\"b5186c9\" data-element_type=\"column\" data-e-type=\"column\">\n\t\t\t<div class=\"elementor-widget-wrap\">\n\t\t\t\t\t\t\t<\/div>\n\t\t<\/div>\n\t\t\t\t\t<\/div>\n\t\t<\/section>\n\t\t\t\t<section class=\"elementor-section elementor-top-section elementor-element elementor-element-1f6fa6b elementor-section-boxed elementor-section-height-default elementor-section-height-default\" data-id=\"1f6fa6b\" data-element_type=\"section\" data-e-type=\"section\">\n\t\t\t\t\t\t<div class=\"elementor-container elementor-column-gap-default\">\n\t\t\t\t\t<div class=\"elementor-column elementor-col-100 elementor-top-column elementor-element elementor-element-284d939\" data-id=\"284d939\" data-element_type=\"column\" data-e-type=\"column\">\n\t\t\t<div class=\"elementor-widget-wrap elementor-element-populated\">\n\t\t\t\t\t\t<div class=\"elementor-element elementor-element-8be4d42 elementor-widget elementor-widget-spacer\" data-id=\"8be4d42\" data-element_type=\"widget\" data-e-type=\"widget\" data-widget_type=\"spacer.default\">\n\t\t\t\t<div class=\"elementor-widget-container\">\n\t\t\t\t\t\t\t<div class=\"elementor-spacer\">\n\t\t\t<div class=\"elementor-spacer-inner\"><\/div>\n\t\t<\/div>\n\t\t\t\t\t\t<\/div>\n\t\t\t\t<\/div>\n\t\t\t\t\t<\/div>\n\t\t<\/div>\n\t\t\t\t\t<\/div>\n\t\t<\/section>\n\t\t\t\t<\/div>\n\t\t","protected":false},"excerpt":{"rendered":"<p>R\u00e9cup\u00e9ration de passe You are already logged in. You can change your password on the edit profile form.<\/p>\n","protected":false},"author":1,"featured_media":0,"parent":0,"menu_order":0,"comment_status":"closed","ping_status":"closed","template":"elementor_header_footer","meta":{"_acf_changed":false,"footnotes":""},"class_list":["post-2724","page","type-page","status-publish","hentry"],"acf":[],"yoast_head":"<!-- This site is optimized with the Yoast SEO plugin v27.5 - https:\/\/yoast.com\/product\/yoast-seo-wordpress\/ -->\n<title>R\u00e9cup\u00e9ration de passe | ariesto<\/title>\n<meta name=\"robots\" content=\"index, follow, max-snippet:-1, max-image-preview:large, max-video-preview:-1\" \/>\n<link rel=\"canonical\" href=\"https:\/\/www.ariesto.pt\/fr\/recuperation-de-passe\/\" \/>\n<meta property=\"og:locale\" content=\"fr_FR\" \/>\n<meta property=\"og:type\" content=\"article\" \/>\n<meta property=\"og:title\" content=\"R\u00e9cup\u00e9ration de passe | ariesto\" \/>\n<meta property=\"og:description\" content=\"R\u00e9cup\u00e9ration de passe You are already logged in. You can change your password on the edit profile form.\" \/>\n<meta property=\"og:url\" content=\"https:\/\/www.ariesto.pt\/fr\/recuperation-de-passe\/\" \/>\n<meta property=\"og:site_name\" content=\"ariesto\" \/>\n<meta property=\"article:modified_time\" content=\"2024-07-04T11:30:17+00:00\" \/>\n<meta name=\"twitter:card\" content=\"summary_large_image\" \/>\n<script type=\"application\/ld+json\" class=\"yoast-schema-graph\">{\"@context\":\"https:\\\/\\\/schema.org\",\"@graph\":[{\"@type\":\"WebPage\",\"@id\":\"https:\\\/\\\/www.ariesto.pt\\\/fr\\\/recuperation-de-passe\\\/\",\"url\":\"https:\\\/\\\/www.ariesto.pt\\\/fr\\\/recuperation-de-passe\\\/\",\"name\":\"R\u00e9cup\u00e9ration de passe | ariesto\",\"isPartOf\":{\"@id\":\"https:\\\/\\\/www.ariesto.pt\\\/de\\\/#website\"},\"datePublished\":\"2021-07-08T09:30:40+00:00\",\"dateModified\":\"2024-07-04T11:30:17+00:00\",\"breadcrumb\":{\"@id\":\"https:\\\/\\\/www.ariesto.pt\\\/fr\\\/recuperation-de-passe\\\/#breadcrumb\"},\"inLanguage\":\"fr-FR\",\"potentialAction\":[{\"@type\":\"ReadAction\",\"target\":[\"https:\\\/\\\/www.ariesto.pt\\\/fr\\\/recuperation-de-passe\\\/\"]}]},{\"@type\":\"BreadcrumbList\",\"@id\":\"https:\\\/\\\/www.ariesto.pt\\\/fr\\\/recuperation-de-passe\\\/#breadcrumb\",\"itemListElement\":[{\"@type\":\"ListItem\",\"position\":1,\"name\":\"Home\",\"item\":\"https:\\\/\\\/www.ariesto.pt\\\/fr\\\/\"},{\"@type\":\"ListItem\",\"position\":2,\"name\":\"R\u00e9cup\u00e9ration de passe\"}]},{\"@type\":\"WebSite\",\"@id\":\"https:\\\/\\\/www.ariesto.pt\\\/de\\\/#website\",\"url\":\"https:\\\/\\\/www.ariesto.pt\\\/de\\\/\",\"name\":\"ariesto\",\"description\":\"designed for living\",\"publisher\":{\"@id\":\"https:\\\/\\\/www.ariesto.pt\\\/de\\\/#organization\"},\"potentialAction\":[{\"@type\":\"SearchAction\",\"target\":{\"@type\":\"EntryPoint\",\"urlTemplate\":\"https:\\\/\\\/www.ariesto.pt\\\/de\\\/?s={search_term_string}\"},\"query-input\":{\"@type\":\"PropertyValueSpecification\",\"valueRequired\":true,\"valueName\":\"search_term_string\"}}],\"inLanguage\":\"fr-FR\"},{\"@type\":\"Organization\",\"@id\":\"https:\\\/\\\/www.ariesto.pt\\\/de\\\/#organization\",\"name\":\"ariesto\",\"url\":\"https:\\\/\\\/www.ariesto.pt\\\/de\\\/\",\"logo\":{\"@type\":\"ImageObject\",\"inLanguage\":\"fr-FR\",\"@id\":\"https:\\\/\\\/www.ariesto.pt\\\/de\\\/#\\\/schema\\\/logo\\\/image\\\/\",\"url\":\"https:\\\/\\\/www.ariesto.pt\\\/wp-content\\\/uploads\\\/2021\\\/02\\\/ariesto-black.png\",\"contentUrl\":\"https:\\\/\\\/www.ariesto.pt\\\/wp-content\\\/uploads\\\/2021\\\/02\\\/ariesto-black.png\",\"width\":988,\"height\":192,\"caption\":\"ariesto\"},\"image\":{\"@id\":\"https:\\\/\\\/www.ariesto.pt\\\/de\\\/#\\\/schema\\\/logo\\\/image\\\/\"}}]}<\/script>\n<!-- \/ Yoast SEO plugin. -->","yoast_head_json":{"title":"R\u00e9cup\u00e9ration de passe | ariesto","robots":{"index":"index","follow":"follow","max-snippet":"max-snippet:-1","max-image-preview":"max-image-preview:large","max-video-preview":"max-video-preview:-1"},"canonical":"https:\/\/www.ariesto.pt\/fr\/recuperation-de-passe\/","og_locale":"fr_FR","og_type":"article","og_title":"R\u00e9cup\u00e9ration de passe | ariesto","og_description":"R\u00e9cup\u00e9ration de passe You are already logged in. You can change your password on the edit profile form.","og_url":"https:\/\/www.ariesto.pt\/fr\/recuperation-de-passe\/","og_site_name":"ariesto","article_modified_time":"2024-07-04T11:30:17+00:00","twitter_card":"summary_large_image","schema":{"@context":"https:\/\/schema.org","@graph":[{"@type":"WebPage","@id":"https:\/\/www.ariesto.pt\/fr\/recuperation-de-passe\/","url":"https:\/\/www.ariesto.pt\/fr\/recuperation-de-passe\/","name":"R\u00e9cup\u00e9ration de passe | ariesto","isPartOf":{"@id":"https:\/\/www.ariesto.pt\/de\/#website"},"datePublished":"2021-07-08T09:30:40+00:00","dateModified":"2024-07-04T11:30:17+00:00","breadcrumb":{"@id":"https:\/\/www.ariesto.pt\/fr\/recuperation-de-passe\/#breadcrumb"},"inLanguage":"fr-FR","potentialAction":[{"@type":"ReadAction","target":["https:\/\/www.ariesto.pt\/fr\/recuperation-de-passe\/"]}]},{"@type":"BreadcrumbList","@id":"https:\/\/www.ariesto.pt\/fr\/recuperation-de-passe\/#breadcrumb","itemListElement":[{"@type":"ListItem","position":1,"name":"Home","item":"https:\/\/www.ariesto.pt\/fr\/"},{"@type":"ListItem","position":2,"name":"R\u00e9cup\u00e9ration de passe"}]},{"@type":"WebSite","@id":"https:\/\/www.ariesto.pt\/de\/#website","url":"https:\/\/www.ariesto.pt\/de\/","name":"ariesto","description":"designed for living","publisher":{"@id":"https:\/\/www.ariesto.pt\/de\/#organization"},"potentialAction":[{"@type":"SearchAction","target":{"@type":"EntryPoint","urlTemplate":"https:\/\/www.ariesto.pt\/de\/?s={search_term_string}"},"query-input":{"@type":"PropertyValueSpecification","valueRequired":true,"valueName":"search_term_string"}}],"inLanguage":"fr-FR"},{"@type":"Organization","@id":"https:\/\/www.ariesto.pt\/de\/#organization","name":"ariesto","url":"https:\/\/www.ariesto.pt\/de\/","logo":{"@type":"ImageObject","inLanguage":"fr-FR","@id":"https:\/\/www.ariesto.pt\/de\/#\/schema\/logo\/image\/","url":"https:\/\/www.ariesto.pt\/wp-content\/uploads\/2021\/02\/ariesto-black.png","contentUrl":"https:\/\/www.ariesto.pt\/wp-content\/uploads\/2021\/02\/ariesto-black.png","width":988,"height":192,"caption":"ariesto"},"image":{"@id":"https:\/\/www.ariesto.pt\/de\/#\/schema\/logo\/image\/"}}]}},"_links":{"self":[{"href":"https:\/\/www.ariesto.pt\/fr\/wp-json\/wp\/v2\/pages\/2724","targetHints":{"allow":["GET"]}}],"collection":[{"href":"https:\/\/www.ariesto.pt\/fr\/wp-json\/wp\/v2\/pages"}],"about":[{"href":"https:\/\/www.ariesto.pt\/fr\/wp-json\/wp\/v2\/types\/page"}],"author":[{"embeddable":true,"href":"https:\/\/www.ariesto.pt\/fr\/wp-json\/wp\/v2\/users\/1"}],"replies":[{"embeddable":true,"href":"https:\/\/www.ariesto.pt\/fr\/wp-json\/wp\/v2\/comments?post=2724"}],"version-history":[{"count":2,"href":"https:\/\/www.ariesto.pt\/fr\/wp-json\/wp\/v2\/pages\/2724\/revisions"}],"predecessor-version":[{"id":4166,"href":"https:\/\/www.ariesto.pt\/fr\/wp-json\/wp\/v2\/pages\/2724\/revisions\/4166"}],"wp:attachment":[{"href":"https:\/\/www.ariesto.pt\/fr\/wp-json\/wp\/v2\/media?parent=2724"}],"curies":[{"name":"wp","href":"https:\/\/api.w.org\/{rel}","templated":true}]}}